{"id":103,"date":"2022-11-24T08:46:11","date_gmt":"2022-11-24T07:46:11","guid":{"rendered":"https:\/\/centar-vrijednosti.virtus3-projekti.com\/wp\/zasto-zaposliti-osobu-sa-invaliditetom\/"},"modified":"2022-12-01T12:05:25","modified_gmt":"2022-12-01T11:05:25","slug":"zasto-zaposliti-osobu-sa-invaliditetom","status":"publish","type":"page","link":"https:\/\/centarvrijednost.com.hr\/en\/zasto-zaposliti-osobu-sa-invaliditetom\/","title":{"rendered":"Za\u0161to zaposliti osobu sa invaliditetom"},"content":{"rendered":"<p>U Hrvatskoj je 6020 nezaposlenih osoba s invaliditetom razlicitih profesija. Ve\u0107ina ih \u017eeli raditi, ali za to ne dobivaju priliku. Zapo\u0161ljavanje osoba s invaliditetom je 60% financijski isplativije od zapo\u0161ljavanja osoba bez invaliditeta.<\/p>\n","protected":false},"excerpt":{"rendered":"<p>U Hrvatskoj je 6020 nezaposlenih osoba s invaliditetom razlicitih profesija. Ve\u0107ina ih \u017eeli raditi, ali za to ne dobivaju priliku. Zapo\u0161ljavanje osoba s invaliditetom je 60% financijski isplativije od zapo\u0161ljavanja osoba bez invaliditeta.<\/p>\n","protected":false},"author":1,"featured_media":0,"parent":0,"menu_order":0,"comment_status":"closed","ping_status":"closed","template":"template-vlastiti-posao.php","meta":{"footnotes":""},"class_list":["post-103","page","type-page","status-publish","hentry"],"aioseo_notices":[],"_links":{"self":[{"href":"https:\/\/centarvrijednost.com.hr\/en\/wp-json\/wp\/v2\/pages\/103","targetHints":{"allow":["GET"]}}],"collection":[{"href":"https:\/\/centarvrijednost.com.hr\/en\/wp-json\/wp\/v2\/pages"}],"about":[{"href":"https:\/\/centarvrijednost.com.hr\/en\/wp-json\/wp\/v2\/types\/page"}],"author":[{"embeddable":true,"href":"https:\/\/centarvrijednost.com.hr\/en\/wp-json\/wp\/v2\/users\/1"}],"replies":[{"embeddable":true,"href":"https:\/\/centarvrijednost.com.hr\/en\/wp-json\/wp\/v2\/comments?post=103"}],"version-history":[{"count":1,"href":"https:\/\/centarvrijednost.com.hr\/en\/wp-json\/wp\/v2\/pages\/103\/revisions"}],"predecessor-version":[{"id":115,"href":"https:\/\/centarvrijednost.com.hr\/en\/wp-json\/wp\/v2\/pages\/103\/revisions\/115"}],"wp:attachment":[{"href":"https:\/\/centarvrijednost.com.hr\/en\/wp-json\/wp\/v2\/media?parent=103"}],"curies":[{"name":"wp","href":"https:\/\/api.w.org\/{rel}","templated":true}]}}