{"id":105,"date":"2022-11-24T08:45:30","date_gmt":"2022-11-24T07:45:30","guid":{"rendered":"https:\/\/centar-vrijednosti.virtus3-projekti.com\/wp\/projekti-udruge\/"},"modified":"2022-11-24T08:45:30","modified_gmt":"2022-11-24T07:45:30","slug":"projekti-udruge","status":"publish","type":"page","link":"https:\/\/centarvrijednost.com.hr\/en\/projekti-udruge\/","title":{"rendered":"Projekti udruge"},"content":{"rendered":"<p>Pru\u017eanjem razli\u010ditih usluga u zajednici doprinositi \u0107emo ve\u0107oj integraciji osoba s invaliditetom u dru\u0161tvo \u0161to \u0107e rezultirati podizanjem kvalitete njihovog \u017eivota i postizanju neovisnosti<\/p>\n","protected":false},"excerpt":{"rendered":"<p>Pru\u017eanjem razli\u010ditih usluga u zajednici doprinositi \u0107emo ve\u0107oj integraciji osoba s invaliditetom u dru\u0161tvo \u0161to \u0107e rezultirati podizanjem kvalitete njihovog \u017eivota i postizanju neovisnosti<\/p>\n","protected":false},"author":1,"featured_media":0,"parent":0,"menu_order":0,"comment_status":"closed","ping_status":"closed","template":"template-projekti.php","meta":{"footnotes":""},"class_list":["post-105","page","type-page","status-publish","hentry"],"aioseo_notices":[],"_links":{"self":[{"href":"https:\/\/centarvrijednost.com.hr\/en\/wp-json\/wp\/v2\/pages\/105","targetHints":{"allow":["GET"]}}],"collection":[{"href":"https:\/\/centarvrijednost.com.hr\/en\/wp-json\/wp\/v2\/pages"}],"about":[{"href":"https:\/\/centarvrijednost.com.hr\/en\/wp-json\/wp\/v2\/types\/page"}],"author":[{"embeddable":true,"href":"https:\/\/centarvrijednost.com.hr\/en\/wp-json\/wp\/v2\/users\/1"}],"replies":[{"embeddable":true,"href":"https:\/\/centarvrijednost.com.hr\/en\/wp-json\/wp\/v2\/comments?post=105"}],"version-history":[{"count":0,"href":"https:\/\/centarvrijednost.com.hr\/en\/wp-json\/wp\/v2\/pages\/105\/revisions"}],"wp:attachment":[{"href":"https:\/\/centarvrijednost.com.hr\/en\/wp-json\/wp\/v2\/media?parent=105"}],"curies":[{"name":"wp","href":"https:\/\/api.w.org\/{rel}","templated":true}]}}